{"id":1018,"date":"2022-05-07T11:29:39","date_gmt":"2022-05-07T09:29:39","guid":{"rendered":"https:\/\/www.chaillac-sur-vienne.fr\/?page_id=1018"},"modified":"2022-05-18T18:44:28","modified_gmt":"2022-05-18T16:44:28","slug":"formulaire-vide-greniers","status":"publish","type":"page","link":"https:\/\/www.chaillac-sur-vienne.fr\/index.php\/formulaire-vide-greniers\/","title":{"rendered":"Formulaire vide-greniers"},"content":{"rendered":"\n<p><strong>Le paiement de votre emplacement s&rsquo;effectuera sur place, le jour du vide-greniers<\/strong>.<\/p>\n\n\n\n<h2 class=\"wp-block-heading\">Inscription: <\/h2>\n\n\n\n<div class=\"wp-block-contact-form-7-contact-form-selector\">\n<div class=\"wpcf7 no-js\" id=\"wpcf7-f1006-o1\" lang=\"fr-FR\" dir=\"ltr\" data-wpcf7-id=\"1006\">\n<div class=\"screen-reader-response\"><p role=\"status\" aria-live=\"polite\" aria-atomic=\"true\"><\/p> <ul><\/ul><\/div>\n<form action=\"\/index.php\/wp-json\/wp\/v2\/pages\/1018#wpcf7-f1006-o1\" method=\"post\" class=\"wpcf7-form init\" aria-label=\"Formulaire de contact\" novalidate=\"novalidate\" data-status=\"init\">\n<fieldset class=\"hidden-fields-container\"><input type=\"hidden\" name=\"_wpcf7\" value=\"1006\" \/><input type=\"hidden\" name=\"_wpcf7_version\" value=\"6.1.5\" \/><input type=\"hidden\" name=\"_wpcf7_locale\" value=\"fr_FR\" \/><input type=\"hidden\" name=\"_wpcf7_unit_tag\" value=\"wpcf7-f1006-o1\" \/><input type=\"hidden\" name=\"_wpcf7_container_post\" value=\"0\" \/><input type=\"hidden\" name=\"_wpcf7_posted_data_hash\" value=\"\" \/>\n<\/fieldset>\n<p><label> Nom<br \/>\n<span class=\"wpcf7-form-control-wrap\" data-name=\"Nom\"><input size=\"40\" maxlength=\"400\" class=\"wpcf7-form-control wpcf7-text wpcf7-validates-as-required\" aria-required=\"true\" aria-invalid=\"false\" value=\"\" type=\"text\" name=\"Nom\" \/><\/span> <\/label>\n<\/p>\n<p><label> Pr\u00e9nom<br \/>\n<span class=\"wpcf7-form-control-wrap\" data-name=\"Prenom\"><input size=\"40\" maxlength=\"400\" class=\"wpcf7-form-control wpcf7-text wpcf7-validates-as-required\" aria-required=\"true\" aria-invalid=\"false\" value=\"\" type=\"text\" name=\"Prenom\" \/><\/span> <\/label><label><br \/>\n<\/label><label> Ville<br \/>\n<span class=\"wpcf7-form-control-wrap\" data-name=\"Ville\"><input size=\"40\" maxlength=\"400\" class=\"wpcf7-form-control wpcf7-text wpcf7-validates-as-required\" aria-required=\"true\" aria-invalid=\"false\" value=\"\" type=\"text\" name=\"Ville\" \/><\/span> <\/label><label><br \/>\n<\/label><label> CP<br \/>\n<span class=\"wpcf7-form-control-wrap\" data-name=\"CP\"><input size=\"40\" maxlength=\"400\" class=\"wpcf7-form-control wpcf7-text wpcf7-validates-as-required\" aria-required=\"true\" aria-invalid=\"false\" value=\"\" type=\"text\" name=\"CP\" \/><\/span> <\/label><label><br \/>\n<\/label><label> T\u00e9l<br \/>\n<span class=\"wpcf7-form-control-wrap\" data-name=\"tel-202\"><input size=\"40\" maxlength=\"400\" class=\"wpcf7-form-control wpcf7-tel wpcf7-validates-as-required wpcf7-text wpcf7-validates-as-tel\" aria-required=\"true\" aria-invalid=\"false\" value=\"\" type=\"tel\" name=\"tel-202\" \/><\/span> <\/label><label><br \/>\n<\/label><label> Email<br \/>\n<span class=\"wpcf7-form-control-wrap\" data-name=\"email-591\"><input size=\"40\" maxlength=\"400\" class=\"wpcf7-form-control wpcf7-email wpcf7-validates-as-required wpcf7-text wpcf7-validates-as-email\" aria-required=\"true\" aria-invalid=\"false\" value=\"\" type=\"email\" name=\"email-591\" \/><\/span> <\/label><label><br \/>\n<\/label><label> Titulaire de la pi\u00e8ce d\u2019identit\u00e9 N\u00b0<br \/>\n<span class=\"wpcf7-form-control-wrap\" data-name=\"TitulairedelapicedidentitN\"><input size=\"40\" maxlength=\"400\" class=\"wpcf7-form-control wpcf7-text wpcf7-validates-as-required\" aria-required=\"true\" aria-invalid=\"false\" value=\"\" type=\"text\" name=\"TitulairedelapicedidentitN\" \/><\/span> <\/label><label><br \/>\n<\/label><label> D\u00e9livr\u00e9e le<br \/>\n<span class=\"wpcf7-form-control-wrap\" data-name=\"Dlivrele\"><input size=\"40\" maxlength=\"400\" class=\"wpcf7-form-control wpcf7-text wpcf7-validates-as-required\" aria-required=\"true\" aria-invalid=\"false\" value=\"\" type=\"text\" name=\"Dlivrele\" \/><\/span> <\/label><label><br \/>\n<\/label><label> N\u00b0 immatriculation de mon v\u00e9hicule<br \/>\n<span class=\"wpcf7-form-control-wrap\" data-name=\"Nimmatriculationdemonvhicule\"><input size=\"40\" maxlength=\"400\" class=\"wpcf7-form-control wpcf7-text wpcf7-validates-as-required\" aria-required=\"true\" aria-invalid=\"false\" value=\"\" type=\"text\" name=\"Nimmatriculationdemonvhicule\" \/><\/span> <\/label><label><br \/>\n<\/label><label> Emplacement pour une longueur de (ML)<br \/>\n<span class=\"wpcf7-form-control-wrap\" data-name=\"number-363\"><input class=\"wpcf7-form-control wpcf7-number wpcf7-validates-as-required wpcf7-validates-as-number\" min=\"1\" max=\"25\" aria-required=\"true\" aria-invalid=\"false\" value=\"\" type=\"number\" name=\"number-363\" \/><\/span><br \/>\n<span class=\"wpcf7-form-control-wrap\" data-name=\"checkbox-813\"><span class=\"wpcf7-form-control wpcf7-checkbox wpcf7-validates-as-required\"><span class=\"wpcf7-list-item first last\"><span class=\"wpcf7-list-item-label\">D\u00e9clare sur l\u2019honneur ne pas \u00eatre commer\u00e7ant(e).<\/span><input type=\"checkbox\" name=\"checkbox-813[]\" value=\"D\u00e9clare sur l\u2019honneur ne pas \u00eatre commer\u00e7ant(e).\" \/><\/span><\/span><\/span><br \/>\n<span class=\"wpcf7-form-control-wrap\" data-name=\"checkbox-813\"><span class=\"wpcf7-form-control wpcf7-checkbox wpcf7-validates-as-required\"><span class=\"wpcf7-list-item first last\"><span class=\"wpcf7-list-item-label\">D\u00e9clare sur l\u2019honneur ne vendre que des objets personnels et usag\u00e9s.<\/span><input type=\"checkbox\" name=\"checkbox-813[]\" value=\"D\u00e9clare sur l\u2019honneur ne vendre que des objets personnels et usag\u00e9s.\" \/><\/span><\/span><\/span><br \/>\n<span class=\"wpcf7-form-control-wrap\" data-name=\"checkbox-260\"><span class=\"wpcf7-form-control wpcf7-checkbox wpcf7-validates-as-required\"><span class=\"wpcf7-list-item first last\"><span class=\"wpcf7-list-item-label\">D\u00e9clare sur l\u2019honneur la non-participation \u00e0 2 autres manifestations de m\u00eame nature au cours de l\u2019ann\u00e9e civile<\/span><input type=\"checkbox\" name=\"checkbox-260[]\" value=\"D\u00e9clare sur l\u2019honneur la non-participation \u00e0 2 autres manifestations de m\u00eame nature au cours de l\u2019ann\u00e9e civile\" \/><\/span><\/span><\/span><br \/>\n<input class=\"wpcf7-form-control wpcf7-submit has-spinner\" type=\"submit\" value=\"Envoyer\" \/><\/label>\n<\/p><p style=\"display: none !important;\" class=\"akismet-fields-container\" data-prefix=\"_wpcf7_ak_\"><label>&#916;<textarea name=\"_wpcf7_ak_hp_textarea\" cols=\"45\" rows=\"8\" maxlength=\"100\"><\/textarea><\/label><input type=\"hidden\" id=\"ak_js_1\" name=\"_wpcf7_ak_js\" value=\"239\"\/><script>document.getElementById( \"ak_js_1\" ).setAttribute( \"value\", ( new Date() ).getTime() );<\/script><\/p><div class=\"wpcf7-response-output\" aria-hidden=\"true\"><\/div>\n<\/form>\n<\/div>\n<\/div>\n\n\n\n<p>Organis\u00e9 par le comit\u00e9 des f\u00eates.<\/p>\n","protected":false},"excerpt":{"rendered":"<p>Le paiement de votre emplacement s&rsquo;effectuera sur place, le jour du vide-greniers. Inscription: Organis\u00e9 par le comit\u00e9 des f\u00eates.<\/p>\n","protected":false},"author":1,"featured_media":0,"parent":0,"menu_order":0,"comment_status":"closed","ping_status":"closed","template":"","meta":{"footnotes":""},"class_list":["post-1018","page","type-page","status-publish","hentry"],"_links":{"self":[{"href":"https:\/\/www.chaillac-sur-vienne.fr\/index.php\/wp-json\/wp\/v2\/pages\/1018","targetHints":{"allow":["GET"]}}],"collection":[{"href":"https:\/\/www.chaillac-sur-vienne.fr\/index.php\/wp-json\/wp\/v2\/pages"}],"about":[{"href":"https:\/\/www.chaillac-sur-vienne.fr\/index.php\/wp-json\/wp\/v2\/types\/page"}],"author":[{"embeddable":true,"href":"https:\/\/www.chaillac-sur-vienne.fr\/index.php\/wp-json\/wp\/v2\/users\/1"}],"replies":[{"embeddable":true,"href":"https:\/\/www.chaillac-sur-vienne.fr\/index.php\/wp-json\/wp\/v2\/comments?post=1018"}],"version-history":[{"count":7,"href":"https:\/\/www.chaillac-sur-vienne.fr\/index.php\/wp-json\/wp\/v2\/pages\/1018\/revisions"}],"predecessor-version":[{"id":1049,"href":"https:\/\/www.chaillac-sur-vienne.fr\/index.php\/wp-json\/wp\/v2\/pages\/1018\/revisions\/1049"}],"wp:attachment":[{"href":"https:\/\/www.chaillac-sur-vienne.fr\/index.php\/wp-json\/wp\/v2\/media?parent=1018"}],"curies":[{"name":"wp","href":"https:\/\/api.w.org\/{rel}","templated":true}]}}