{"id":133,"date":"2020-10-21T11:36:02","date_gmt":"2020-10-21T09:36:02","guid":{"rendered":"https:\/\/chaillacsurvienne.wordpress.com\/?page_id=133"},"modified":"2026-04-13T08:25:59","modified_gmt":"2026-04-13T06:25:59","slug":"ecole","status":"publish","type":"page","link":"https:\/\/www.chaillac-sur-vienne.fr\/index.php\/ecole\/","title":{"rendered":"\u00c9cole"},"content":{"rendered":"\t\t<div data-elementor-type=\"wp-page\" data-elementor-id=\"133\" class=\"elementor elementor-133\">\n\t\t\t\t\t\t<section class=\"elementor-section elementor-top-section elementor-element elementor-element-504fe0d elementor-section-boxed elementor-section-height-default elementor-section-height-default\" data-id=\"504fe0d\" data-element_type=\"section\" data-e-type=\"section\">\n\t\t\t\t\t\t<div class=\"elementor-container elementor-column-gap-default\">\n\t\t\t\t\t<div class=\"elementor-column elementor-col-100 elementor-top-column elementor-element elementor-element-f1b64bf\" data-id=\"f1b64bf\" data-element_type=\"column\" data-e-type=\"column\">\n\t\t\t<div class=\"elementor-widget-wrap elementor-element-populated\">\n\t\t\t\t\t\t<div class=\"elementor-element elementor-element-7c49036 elementor-invisible elementor-widget elementor-widget-heading\" data-id=\"7c49036\" data-element_type=\"widget\" data-e-type=\"widget\" data-settings=\"{&quot;_animation&quot;:&quot;zoomInDown&quot;}\" data-widget_type=\"heading.default\">\n\t\t\t\t<div class=\"elementor-widget-container\">\n\t\t\t\t\t<h1 class=\"elementor-heading-title elementor-size-default\">Menu<\/h1>\t\t\t\t<\/div>\n\t\t\t\t<\/div>\n\t\t\t\t\t<\/div>\n\t\t<\/div>\n\t\t\t\t\t<\/div>\n\t\t<\/section>\n\t\t\t\t<section class=\"elementor-section elementor-top-section elementor-element elementor-element-c43dc72 elementor-section-boxed elementor-section-height-default elementor-section-height-default\" data-id=\"c43dc72\" data-element_type=\"section\" data-e-type=\"section\">\n\t\t\t\t\t\t<div class=\"elementor-container elementor-column-gap-default\">\n\t\t\t\t\t<div class=\"elementor-column elementor-col-100 elementor-top-column elementor-element elementor-element-71638f3\" data-id=\"71638f3\" data-element_type=\"column\" data-e-type=\"column\">\n\t\t\t<div class=\"elementor-widget-wrap\">\n\t\t\t\t\t\t\t<\/div>\n\t\t<\/div>\n\t\t\t\t\t<\/div>\n\t\t<\/section>\n\t\t\t\t<section class=\"elementor-section elementor-top-section elementor-element elementor-element-088650a elementor-section-boxed elementor-section-height-default elementor-section-height-default\" data-id=\"088650a\" data-element_type=\"section\" data-e-type=\"section\">\n\t\t\t\t\t\t<div class=\"elementor-container elementor-column-gap-default\">\n\t\t\t\t\t<div class=\"elementor-column elementor-col-100 elementor-top-column elementor-element elementor-element-2097b02\" data-id=\"2097b02\" data-element_type=\"column\" data-e-type=\"column\">\n\t\t\t<div class=\"elementor-widget-wrap elementor-element-populated\">\n\t\t\t\t\t\t<div class=\"elementor-element elementor-element-c673aaa elementor-widget elementor-widget-menu-anchor\" data-id=\"c673aaa\" data-element_type=\"widget\" data-e-type=\"widget\" data-widget_type=\"menu-anchor.default\">\n\t\t\t\t<div class=\"elementor-widget-container\">\n\t\t\t\t\t\t\t<div class=\"elementor-menu-anchor\" id=\"ALSH\"><\/div>\n\t\t\t\t\t\t<\/div>\n\t\t\t\t<\/div>\n\t\t\t\t\t<\/div>\n\t\t<\/div>\n\t\t\t\t\t<\/div>\n\t\t<\/section>\n\t\t\t\t<section class=\"elementor-section elementor-top-section elementor-element elementor-element-34c644f elementor-section-boxed elementor-section-height-default elementor-section-height-default\" data-id=\"34c644f\" data-element_type=\"section\" data-e-type=\"section\">\n\t\t\t\t\t\t<div class=\"elementor-container elementor-column-gap-default\">\n\t\t\t\t\t<div class=\"elementor-column elementor-col-100 elementor-top-column elementor-element elementor-element-063cda3\" data-id=\"063cda3\" data-element_type=\"column\" data-e-type=\"column\">\n\t\t\t<div class=\"elementor-widget-wrap elementor-element-populated\">\n\t\t\t\t\t\t<div class=\"elementor-element elementor-element-6722174 elementor-invisible elementor-widget elementor-widget-heading\" data-id=\"6722174\" data-element_type=\"widget\" data-e-type=\"widget\" data-settings=\"{&quot;_animation&quot;:&quot;fadeInRight&quot;}\" data-widget_type=\"heading.default\">\n\t\t\t\t<div class=\"elementor-widget-container\">\n\t\t\t\t\t<h2 class=\"elementor-heading-title elementor-size-default\">Planning ALSH de Chaillac-sur-vienne:<\/h2>\t\t\t\t<\/div>\n\t\t\t\t<\/div>\n\t\t\t\t\t<\/div>\n\t\t<\/div>\n\t\t\t\t\t<\/div>\n\t\t<\/section>\n\t\t\t\t<section class=\"elementor-section elementor-top-section elementor-element elementor-element-2226a02 elementor-section-boxed elementor-section-height-default elementor-section-height-default\" data-id=\"2226a02\" data-element_type=\"section\" data-e-type=\"section\">\n\t\t\t\t\t\t<div class=\"elementor-container elementor-column-gap-default\">\n\t\t\t\t\t<div class=\"elementor-column elementor-col-100 elementor-top-column elementor-element elementor-element-6862346\" data-id=\"6862346\" data-element_type=\"column\" data-e-type=\"column\">\n\t\t\t<div class=\"elementor-widget-wrap elementor-element-populated\">\n\t\t\t\t\t\t<div class=\"elementor-element elementor-element-428aac4 elementor-align-center elementor-widget elementor-widget-button\" data-id=\"428aac4\" data-element_type=\"widget\" data-e-type=\"widget\" data-widget_type=\"button.default\">\n\t\t\t\t<div class=\"elementor-widget-container\">\n\t\t\t\t\t\t\t\t\t<div class=\"elementor-button-wrapper\">\n\t\t\t\t\t<a class=\"elementor-button elementor-button-link elementor-size-md\" href=\"#ALSH\">\n\t\t\t\t\t\t<span class=\"elementor-button-content-wrapper\">\n\t\t\t\t\t\t\t\t\t<span class=\"elementor-button-text\">Planning ALSH<\/span>\n\t\t\t\t\t<\/span>\n\t\t\t\t\t<\/a>\n\t\t\t\t<\/div>\n\t\t\t\t\t\t\t\t<\/div>\n\t\t\t\t<\/div>\n\t\t\t\t<div class=\"elementor-element elementor-element-e68fd46 elementor-invisible elementor-widget elementor-widget-image\" data-id=\"e68fd46\" data-element_type=\"widget\" data-e-type=\"widget\" data-settings=\"{&quot;_animation&quot;:&quot;fadeIn&quot;}\" data-widget_type=\"image.default\">\n\t\t\t\t<div class=\"elementor-widget-container\">\n\t\t\t\t\t\t\t\t\t\t\t\t\t\t\t<img fetchpriority=\"high\" decoding=\"async\" width=\"629\" height=\"897\" src=\"https:\/\/www.chaillac-sur-vienne.fr\/wp-content\/uploads\/2026\/04\/menu20au24.png\" class=\"attachment-large size-large wp-image-2118\" alt=\"\" srcset=\"https:\/\/www.chaillac-sur-vienne.fr\/wp-content\/uploads\/2026\/04\/menu20au24.png 668w, https:\/\/www.chaillac-sur-vienne.fr\/wp-content\/uploads\/2026\/04\/menu20au24-210x300.png 210w, https:\/\/www.chaillac-sur-vienne.fr\/wp-content\/uploads\/2026\/04\/menu20au24-561x800.png 561w, https:\/\/www.chaillac-sur-vienne.fr\/wp-content\/uploads\/2026\/04\/menu20au24-455x649.png 455w\" sizes=\"(max-width: 629px) 100vw, 629px\" \/>\t\t\t\t\t\t\t\t\t\t\t\t\t\t\t<\/div>\n\t\t\t\t<\/div>\n\t\t\t\t\t<\/div>\n\t\t<\/div>\n\t\t\t\t\t<\/div>\n\t\t<\/section>\n\t\t\t\t<section class=\"elementor-section elementor-top-section elementor-element elementor-element-b4d3a65 elementor-section-boxed elementor-section-height-default elementor-section-height-default\" data-id=\"b4d3a65\" data-element_type=\"section\" data-e-type=\"section\">\n\t\t\t\t\t\t<div class=\"elementor-container elementor-column-gap-default\">\n\t\t\t\t\t<div class=\"elementor-column elementor-col-100 elementor-top-column elementor-element elementor-element-61a111b\" data-id=\"61a111b\" data-element_type=\"column\" data-e-type=\"column\">\n\t\t\t<div class=\"elementor-widget-wrap\">\n\t\t\t\t\t\t\t<\/div>\n\t\t<\/div>\n\t\t\t\t\t<\/div>\n\t\t<\/section>\n\t\t\t\t<section class=\"elementor-section elementor-top-section elementor-element elementor-element-0c0716b elementor-section-boxed elementor-section-height-default elementor-section-height-default\" data-id=\"0c0716b\" data-element_type=\"section\" data-e-type=\"section\">\n\t\t\t\t\t\t<div class=\"elementor-container elementor-column-gap-default\">\n\t\t\t\t\t<div class=\"elementor-column elementor-col-100 elementor-top-column elementor-element elementor-element-e430b27\" data-id=\"e430b27\" data-element_type=\"column\" data-e-type=\"column\">\n\t\t\t<div class=\"elementor-widget-wrap elementor-element-populated\">\n\t\t\t\t\t\t<div class=\"elementor-element elementor-element-56f5305 elementor-invisible elementor-widget elementor-widget-image\" data-id=\"56f5305\" data-element_type=\"widget\" data-e-type=\"widget\" data-settings=\"{&quot;_animation&quot;:&quot;fadeInLeft&quot;}\" data-widget_type=\"image.default\">\n\t\t\t\t<div class=\"elementor-widget-container\">\n\t\t\t\t\t\t\t\t\t\t\t\t\t\t\t<img decoding=\"async\" width=\"629\" height=\"448\" src=\"https:\/\/www.chaillac-sur-vienne.fr\/wp-content\/uploads\/2022\/05\/AlshAout1-1024x730.jpg\" class=\"attachment-large size-large wp-image-1056\" alt=\"\" srcset=\"https:\/\/www.chaillac-sur-vienne.fr\/wp-content\/uploads\/2022\/05\/AlshAout1-1024x730.jpg 1024w, https:\/\/www.chaillac-sur-vienne.fr\/wp-content\/uploads\/2022\/05\/AlshAout1-300x214.jpg 300w, https:\/\/www.chaillac-sur-vienne.fr\/wp-content\/uploads\/2022\/05\/AlshAout1-768x547.jpg 768w, https:\/\/www.chaillac-sur-vienne.fr\/wp-content\/uploads\/2022\/05\/AlshAout1-1536x1094.jpg 1536w, https:\/\/www.chaillac-sur-vienne.fr\/wp-content\/uploads\/2022\/05\/AlshAout1-2048x1459.jpg 2048w, https:\/\/www.chaillac-sur-vienne.fr\/wp-content\/uploads\/2022\/05\/AlshAout1-600x427.jpg 600w, https:\/\/www.chaillac-sur-vienne.fr\/wp-content\/uploads\/2022\/05\/AlshAout1-911x649.jpg 911w\" sizes=\"(max-width: 629px) 100vw, 629px\" \/>\t\t\t\t\t\t\t\t\t\t\t\t\t\t\t<\/div>\n\t\t\t\t<\/div>\n\t\t\t\t\t<\/div>\n\t\t<\/div>\n\t\t\t\t\t<\/div>\n\t\t<\/section>\n\t\t\t\t<section class=\"elementor-section elementor-top-section elementor-element elementor-element-e56b037 elementor-section-boxed elementor-section-height-default elementor-section-height-default\" data-id=\"e56b037\" data-element_type=\"section\" data-e-type=\"section\">\n\t\t\t\t\t\t<div class=\"elementor-container elementor-column-gap-default\">\n\t\t\t\t\t<div class=\"elementor-column elementor-col-100 elementor-top-column elementor-element elementor-element-195918a\" data-id=\"195918a\" data-element_type=\"column\" data-e-type=\"column\">\n\t\t\t<div class=\"elementor-widget-wrap elementor-element-populated\">\n\t\t\t\t\t\t<div class=\"elementor-element elementor-element-5d522a8 elementor-invisible elementor-widget elementor-widget-image\" data-id=\"5d522a8\" data-element_type=\"widget\" data-e-type=\"widget\" data-settings=\"{&quot;_animation&quot;:&quot;fadeInRight&quot;}\" data-widget_type=\"image.default\">\n\t\t\t\t<div class=\"elementor-widget-container\">\n\t\t\t\t\t\t\t\t\t\t\t\t\t\t\t<img decoding=\"async\" width=\"629\" height=\"447\" src=\"https:\/\/www.chaillac-sur-vienne.fr\/wp-content\/uploads\/2022\/05\/AlshAout2-1024x727.jpg\" class=\"attachment-large size-large wp-image-1057\" alt=\"\" srcset=\"https:\/\/www.chaillac-sur-vienne.fr\/wp-content\/uploads\/2022\/05\/AlshAout2-1024x727.jpg 1024w, https:\/\/www.chaillac-sur-vienne.fr\/wp-content\/uploads\/2022\/05\/AlshAout2-300x213.jpg 300w, https:\/\/www.chaillac-sur-vienne.fr\/wp-content\/uploads\/2022\/05\/AlshAout2-768x545.jpg 768w, https:\/\/www.chaillac-sur-vienne.fr\/wp-content\/uploads\/2022\/05\/AlshAout2-1536x1090.jpg 1536w, https:\/\/www.chaillac-sur-vienne.fr\/wp-content\/uploads\/2022\/05\/AlshAout2-2048x1454.jpg 2048w, https:\/\/www.chaillac-sur-vienne.fr\/wp-content\/uploads\/2022\/05\/AlshAout2-600x426.jpg 600w, https:\/\/www.chaillac-sur-vienne.fr\/wp-content\/uploads\/2022\/05\/AlshAout2-914x649.jpg 914w\" sizes=\"(max-width: 629px) 100vw, 629px\" \/>\t\t\t\t\t\t\t\t\t\t\t\t\t\t\t<\/div>\n\t\t\t\t<\/div>\n\t\t\t\t\t<\/div>\n\t\t<\/div>\n\t\t\t\t\t<\/div>\n\t\t<\/section>\n\t\t\t\t<section class=\"elementor-section elementor-top-section elementor-element elementor-element-9d33d5f elementor-section-boxed elementor-section-height-default elementor-section-height-default\" data-id=\"9d33d5f\" data-element_type=\"section\" data-e-type=\"section\">\n\t\t\t\t\t\t<div class=\"elementor-container elementor-column-gap-default\">\n\t\t\t\t\t<div class=\"elementor-column elementor-col-100 elementor-top-column elementor-element elementor-element-49fb57e\" data-id=\"49fb57e\" data-element_type=\"column\" data-e-type=\"column\">\n\t\t\t<div class=\"elementor-widget-wrap elementor-element-populated\">\n\t\t\t\t\t\t<div class=\"elementor-element elementor-element-a381952 elementor-widget elementor-widget-image\" data-id=\"a381952\" data-element_type=\"widget\" data-e-type=\"widget\" data-widget_type=\"image.default\">\n\t\t\t\t<div class=\"elementor-widget-container\">\n\t\t\t\t\t\t\t\t\t\t\t\t\t\t\t<img loading=\"lazy\" decoding=\"async\" width=\"629\" height=\"472\" src=\"https:\/\/www.chaillac-sur-vienne.fr\/wp-content\/uploads\/2021\/07\/Inked20210715_164850-002_LI-1024x768.jpg\" class=\"attachment-large size-large wp-image-760\" alt=\"\" srcset=\"https:\/\/www.chaillac-sur-vienne.fr\/wp-content\/uploads\/2021\/07\/Inked20210715_164850-002_LI-1024x768.jpg 1024w, https:\/\/www.chaillac-sur-vienne.fr\/wp-content\/uploads\/2021\/07\/Inked20210715_164850-002_LI-300x225.jpg 300w, https:\/\/www.chaillac-sur-vienne.fr\/wp-content\/uploads\/2021\/07\/Inked20210715_164850-002_LI-768x576.jpg 768w, https:\/\/www.chaillac-sur-vienne.fr\/wp-content\/uploads\/2021\/07\/Inked20210715_164850-002_LI-1536x1152.jpg 1536w, https:\/\/www.chaillac-sur-vienne.fr\/wp-content\/uploads\/2021\/07\/Inked20210715_164850-002_LI-2048x1536.jpg 2048w, https:\/\/www.chaillac-sur-vienne.fr\/wp-content\/uploads\/2021\/07\/Inked20210715_164850-002_LI-600x450.jpg 600w, https:\/\/www.chaillac-sur-vienne.fr\/wp-content\/uploads\/2021\/07\/Inked20210715_164850-002_LI-865x649.jpg 865w\" sizes=\"(max-width: 629px) 100vw, 629px\" \/>\t\t\t\t\t\t\t\t\t\t\t\t\t\t\t<\/div>\n\t\t\t\t<\/div>\n\t\t\t\t\t<\/div>\n\t\t<\/div>\n\t\t\t\t\t<\/div>\n\t\t<\/section>\n\t\t\t\t<section class=\"elementor-section elementor-top-section elementor-element elementor-element-c6719b2 elementor-section-boxed elementor-section-height-default elementor-section-height-default\" data-id=\"c6719b2\" data-element_type=\"section\" data-e-type=\"section\">\n\t\t\t\t\t\t<div class=\"elementor-container elementor-column-gap-default\">\n\t\t\t\t\t<div class=\"elementor-column elementor-col-100 elementor-top-column elementor-element elementor-element-8fd085c\" data-id=\"8fd085c\" data-element_type=\"column\" data-e-type=\"column\">\n\t\t\t<div class=\"elementor-widget-wrap\">\n\t\t\t\t\t\t\t<\/div>\n\t\t<\/div>\n\t\t\t\t\t<\/div>\n\t\t<\/section>\n\t\t\t\t<section class=\"elementor-section elementor-top-section elementor-element elementor-element-b1d3093 elementor-section-boxed elementor-section-height-default elementor-section-height-default\" data-id=\"b1d3093\" data-element_type=\"section\" data-e-type=\"section\">\n\t\t\t\t\t\t<div class=\"elementor-container elementor-column-gap-default\">\n\t\t\t\t\t<div class=\"elementor-column elementor-col-100 elementor-top-column elementor-element elementor-element-6042c3d\" data-id=\"6042c3d\" data-element_type=\"column\" data-e-type=\"column\">\n\t\t\t<div class=\"elementor-widget-wrap elementor-element-populated\">\n\t\t\t\t\t\t<div class=\"elementor-element elementor-element-5233aa7 elementor-invisible elementor-widget elementor-widget-image\" data-id=\"5233aa7\" data-element_type=\"widget\" data-e-type=\"widget\" data-settings=\"{&quot;_animation&quot;:&quot;fadeIn&quot;}\" data-widget_type=\"image.default\">\n\t\t\t\t<div class=\"elementor-widget-container\">\n\t\t\t\t\t\t\t\t\t\t\t\t\t\t\t<img loading=\"lazy\" decoding=\"async\" width=\"629\" height=\"406\" src=\"https:\/\/www.chaillac-sur-vienne.fr\/wp-content\/uploads\/2021\/07\/grille-tarifaire2021.jpg\" class=\"attachment-large size-large wp-image-775\" alt=\"\" srcset=\"https:\/\/www.chaillac-sur-vienne.fr\/wp-content\/uploads\/2021\/07\/grille-tarifaire2021.jpg 981w, https:\/\/www.chaillac-sur-vienne.fr\/wp-content\/uploads\/2021\/07\/grille-tarifaire2021-300x194.jpg 300w, https:\/\/www.chaillac-sur-vienne.fr\/wp-content\/uploads\/2021\/07\/grille-tarifaire2021-768x496.jpg 768w, https:\/\/www.chaillac-sur-vienne.fr\/wp-content\/uploads\/2021\/07\/grille-tarifaire2021-600x387.jpg 600w\" sizes=\"(max-width: 629px) 100vw, 629px\" \/>\t\t\t\t\t\t\t\t\t\t\t\t\t\t\t<\/div>\n\t\t\t\t<\/div>\n\t\t\t\t\t<\/div>\n\t\t<\/div>\n\t\t\t\t\t<\/div>\n\t\t<\/section>\n\t\t\t\t<section class=\"elementor-section elementor-top-section elementor-element elementor-element-acf3f40 elementor-section-boxed elementor-section-height-default elementor-section-height-default\" data-id=\"acf3f40\" data-element_type=\"section\" data-e-type=\"section\">\n\t\t\t\t\t\t<div class=\"elementor-container elementor-column-gap-default\">\n\t\t\t\t\t<div class=\"elementor-column elementor-col-100 elementor-top-column elementor-element elementor-element-05b8836\" data-id=\"05b8836\" data-element_type=\"column\" data-e-type=\"column\">\n\t\t\t<div class=\"elementor-widget-wrap elementor-element-populated\">\n\t\t\t\t\t\t<div class=\"elementor-element elementor-element-0505b6a elementor-invisible elementor-widget elementor-widget-text-editor\" data-id=\"0505b6a\" data-element_type=\"widget\" data-e-type=\"widget\" data-settings=\"{&quot;_animation&quot;:&quot;fadeInLeft&quot;}\" data-widget_type=\"text-editor.default\">\n\t\t\t\t<div class=\"elementor-widget-container\">\n\t\t\t\t\t\t\t\t\t<p><strong>Coordonn\u00e9es du centre de loisir :<\/strong><\/p><div><p>Chaillac-sur-Vienne, plan d\u2019eau de Bujaras<\/p><p><b>T\u00e9l. : <\/b> 0555027238<\/p><p>Infos pratiques\u00a0:<\/p><p>Horaires\u00a0: Ouvert de 9h \u00e0 17h. Garderie matin\u00a0: 7h30\/9h Garderie soir\u00a0: 17h\/ 18h30<\/p><p>T\u00e9l\u00e9phone p\u00e9riode scolaire hors mercredis\u00a0: 05 55 01 74 48\/ p\u00e9riode vacances et\u00a0mercredis\u00a0: 05 55 02 72 38<\/p><\/div>\t\t\t\t\t\t\t\t<\/div>\n\t\t\t\t<\/div>\n\t\t\t\t\t<\/div>\n\t\t<\/div>\n\t\t\t\t\t<\/div>\n\t\t<\/section>\n\t\t\t\t<section class=\"elementor-section elementor-top-section elementor-element elementor-element-6445c9d elementor-section-boxed elementor-section-height-default elementor-section-height-default\" data-id=\"6445c9d\" data-element_type=\"section\" data-e-type=\"section\">\n\t\t\t\t\t\t<div class=\"elementor-container elementor-column-gap-default\">\n\t\t\t\t\t<div class=\"elementor-column elementor-col-100 elementor-top-column elementor-element elementor-element-c6277eb\" data-id=\"c6277eb\" data-element_type=\"column\" data-e-type=\"column\">\n\t\t\t<div class=\"elementor-widget-wrap elementor-element-populated\">\n\t\t\t\t\t\t<div class=\"elementor-element elementor-element-700a5f9 elementor-invisible elementor-widget elementor-widget-text-editor\" data-id=\"700a5f9\" data-element_type=\"widget\" data-e-type=\"widget\" data-settings=\"{&quot;_animation&quot;:&quot;fadeInLeft&quot;}\" data-widget_type=\"text-editor.default\">\n\t\t\t\t<div class=\"elementor-widget-container\">\n\t\t\t\t\t\t\t\t\t<p><strong>Coordonn\u00e9es de l\u2019\u00e9cole :<\/strong><\/p><div class=\"establishment__header__top__content__address\"><p>11 rue des Ecoles &#8211; 87200 CHAILLAC SUR VIENNE<\/p><\/div><p><b>T\u00e9l. : <\/b> 0555025160<\/p><p><b>Email :<\/b> <a href=\"mailto: ce.0870373H@ac-limoges.fr\"> ce.0870373H@ac-limoges.fr <\/a><\/p>\t\t\t\t\t\t\t\t<\/div>\n\t\t\t\t<\/div>\n\t\t\t\t\t<\/div>\n\t\t<\/div>\n\t\t\t\t\t<\/div>\n\t\t<\/section>\n\t\t\t\t<\/div>\n\t\t","protected":false},"excerpt":{"rendered":"<p>Menu Planning ALSH de Chaillac-sur-vienne: Planning ALSH Coordonn\u00e9es du centre de loisir : Chaillac-sur-Vienne, plan d\u2019eau de Bujaras T\u00e9l. : 0555027238 Infos pratiques\u00a0: Horaires\u00a0: Ouvert de 9h \u00e0 17h. Garderie matin\u00a0: 7h30\/9h Garderie soir\u00a0: 17h\/ 18h30 T\u00e9l\u00e9phone p\u00e9riode scolaire hors mercredis\u00a0: 05 55 01 74 48\/ p\u00e9riode vacances et\u00a0mercredis\u00a0: 05 55 02 72 38 Coordonn\u00e9es [&hellip;]<\/p>\n","protected":false},"author":1,"featured_media":0,"parent":0,"menu_order":0,"comment_status":"closed","ping_status":"closed","template":"","meta":{"footnotes":""},"class_list":["post-133","page","type-page","status-publish","hentry"],"_links":{"self":[{"href":"https:\/\/www.chaillac-sur-vienne.fr\/index.php\/wp-json\/wp\/v2\/pages\/133","targetHints":{"allow":["GET"]}}],"collection":[{"href":"https:\/\/www.chaillac-sur-vienne.fr\/index.php\/wp-json\/wp\/v2\/pages"}],"about":[{"href":"https:\/\/www.chaillac-sur-vienne.fr\/index.php\/wp-json\/wp\/v2\/types\/page"}],"author":[{"embeddable":true,"href":"https:\/\/www.chaillac-sur-vienne.fr\/index.php\/wp-json\/wp\/v2\/users\/1"}],"replies":[{"embeddable":true,"href":"https:\/\/www.chaillac-sur-vienne.fr\/index.php\/wp-json\/wp\/v2\/comments?post=133"}],"version-history":[{"count":527,"href":"https:\/\/www.chaillac-sur-vienne.fr\/index.php\/wp-json\/wp\/v2\/pages\/133\/revisions"}],"predecessor-version":[{"id":2121,"href":"https:\/\/www.chaillac-sur-vienne.fr\/index.php\/wp-json\/wp\/v2\/pages\/133\/revisions\/2121"}],"wp:attachment":[{"href":"https:\/\/www.chaillac-sur-vienne.fr\/index.php\/wp-json\/wp\/v2\/media?parent=133"}],"curies":[{"name":"wp","href":"https:\/\/api.w.org\/{rel}","templated":true}]}}